{"id":20136,"date":"2026-04-07T20:01:19","date_gmt":"2026-04-07T20:01:19","guid":{"rendered":"https:\/\/casastil.hr\/our-projects\/"},"modified":"2026-04-16T23:42:31","modified_gmt":"2026-04-16T23:42:31","slug":"our-projects","status":"publish","type":"page","link":"https:\/\/casastil.hr\/en\/about-us\/our-projects\/","title":{"rendered":"OUR PROJECTS"},"content":{"rendered":"<p>We build the future on the foundations of past successes.<\/p>\n<p>Here you can view an <strong class=\"Yjhzub\" data-sfc-root=\"c\" data-sfc-cb=\"\" data-complete=\"true\">overview of our reference projects<\/strong> that have transformed the appearance of the areas where they were built. Every photograph tells a story of the quality we strive for.<\/p>\n<p>Our list of references grows with every new project. In one place, we bring you an <strong class=\"Yjhzub\" data-sfc-root=\"c\" data-sfc-cb=\"\" data-complete=\"true\">overview of our realized visions, as well as an announcement of future projects<\/strong> that will soon become homes for our satisfied clients. From completed properties that are synonymous with quality, to new locations we carefully plan \u2013 we build with the same passion and precision.<\/p>\n<p>Newer and planned projects are displayed from top to bottom;<\/p>\n<h2>Zadar 1 &#8211; Residential building with 12 apartments<\/h2>\n<p>More information coming soon&#8230;<\/p>\n<h2><a href=\"https:\/\/casastil.hr\/sukosan-3-zgrade-sa-18-stanova-i-3-poslovna-prostora\/\">Suko\u0161an 2 &#8211; Residential complex<\/a><\/h2>\n<p>3 buildings with a total of 18 apartments and 3 commercial units<br \/>\nLocation: Suko\u0161an, Mala Makarska, first row to the sea<br \/>\nYear of construction: 2025. -2026.<\/p>\n<p><img fetchpriority=\"high\" decoding=\"async\" class=\"alignnone wp-image-19876\" src=\"https:\/\/casastil.hr\/wp-content\/uploads\/2016\/03\/010-scaled.jpg\" alt=\"\" width=\"714\" height=\"401\" srcset=\"https:\/\/casastil.hr\/wp-content\/uploads\/2016\/03\/010-scaled.jpg 2560w, https:\/\/casastil.hr\/wp-content\/uploads\/2016\/03\/010-1536x864.jpg 1536w, https:\/\/casastil.hr\/wp-content\/uploads\/2016\/03\/010-2048x1152.jpg 2048w\" sizes=\"(max-width: 714px) 100vw, 714px\" \/><\/p>\n<ul>\n<li>\n<h4>Building A<\/h4>\n<p>Type: Residential and commercial building<br \/>\nResidential units: 6<br \/>\nCommercial units: 3<br \/>\nGarages: 0<br \/>\nStorage units: 0<br \/>\nFloors: basement, ground floor, 1st floor, 2nd floor, roof terraces<br \/>\nLocation: Suko\u0161an, Mala Makarska, 50 meters from the sea<br \/>\nCadastral parcel: 9779\/3<br \/>\nCadastral municipality: Suko\u0161an<br \/>\nAddress: Dr. Franje Tu\u0111mana 287A, 23206 Suko\u0161an<\/li>\n<li>\n<h4>Building B<\/h4>\n<p>Type: Residential building<br \/>\nResidential units: 6<br \/>\nCommercial units: 0<br \/>\nGarages: 4<br \/>\nStorage units: 6<br \/>\nFloors: basement, ground floor, 1st floor, 2nd floor<br \/>\nLocation: Suko\u0161an, Mala Makarska, 70 meters from the sea<br \/>\nCadastral parcel: 9779\/2<br \/>\nCadastral municipality: Suko\u0161an<br \/>\nAddress: Put Ga\u0161parovi\u0107a 2B, 23206 Suko\u0161an<\/li>\n<li>\n<h4>Building C<\/h4>\n<p>Type: Residential building<br \/>\nResidential units: 6<br \/>\nCommercial units: 0<br \/>\nGarages: 4<br \/>\nStorage units: 6<br \/>\nFloors: basement, ground floor, 1st floor, 2nd floor<br \/>\nLocation: Suko\u0161an, Mala Makarska, 70 meters from the sea<br \/>\nCadastral parcel: 9779\/3<br \/>\nCadastral municipality: Suko\u0161an<br \/>\nAddress: Put Ga\u0161parovi\u0107a 2A, 23206 Suko\u0161an<\/li>\n<\/ul>\n<h2>Suko\u0161an 1<\/h2>\n<p>Building with 3 luxury apartments &#8211; Urban villa<br \/>\nLocation: Suko\u0161an, Mala Makarska, first row to the sea<br \/>\nCadastral parcel: 9785<br \/>\nCadastral municipality: Suko\u0161an<br \/>\nAddress: Malenica 2A, 23206 Suko\u0161an<br \/>\nYear of construction: 2022. -2023.<\/p>\n<p><img decoding=\"async\" class=\"alignnone wp-image-19847\" src=\"https:\/\/casastil.hr\/wp-content\/uploads\/2016\/03\/dji_fly_20230912_095216_685_1694505483300_photo_optimized-scaled.jpg\" alt=\"building first row to the sea in Suko\u0161an\" width=\"767\" height=\"431\" srcset=\"https:\/\/casastil.hr\/wp-content\/uploads\/2016\/03\/dji_fly_20230912_095216_685_1694505483300_photo_optimized-scaled.jpg 2560w, https:\/\/casastil.hr\/wp-content\/uploads\/2016\/03\/dji_fly_20230912_095216_685_1694505483300_photo_optimized-1536x864.jpg 1536w, https:\/\/casastil.hr\/wp-content\/uploads\/2016\/03\/dji_fly_20230912_095216_685_1694505483300_photo_optimized-2048x1152.jpg 2048w\" sizes=\"(max-width: 767px) 100vw, 767px\" \/><\/p>\n","protected":false},"excerpt":{"rendered":"<p>We build the future on the foundations of past successes. Here you can view an overview of our reference projects that have transformed the appearance of the areas where they were built. Every photograph tells a story of the quality we strive for. Our list of references grows with every new project. In one place, [&hellip;]<\/p>\n","protected":false},"author":1,"featured_media":0,"parent":20280,"menu_order":0,"comment_status":"closed","ping_status":"closed","template":"","meta":{"_monsterinsights_skip_tracking":false,"_monsterinsights_sitenote_active":false,"_monsterinsights_sitenote_note":"","_monsterinsights_sitenote_category":0,"footnotes":""},"class_list":["post-20136","page","type-page","status-publish","hentry"],"aioseo_notices":[],"_links":{"self":[{"href":"https:\/\/casastil.hr\/en\/wp-json\/wp\/v2\/pages\/20136","targetHints":{"allow":["GET"]}}],"collection":[{"href":"https:\/\/casastil.hr\/en\/wp-json\/wp\/v2\/pages"}],"about":[{"href":"https:\/\/casastil.hr\/en\/wp-json\/wp\/v2\/types\/page"}],"author":[{"embeddable":true,"href":"https:\/\/casastil.hr\/en\/wp-json\/wp\/v2\/users\/1"}],"replies":[{"embeddable":true,"href":"https:\/\/casastil.hr\/en\/wp-json\/wp\/v2\/comments?post=20136"}],"version-history":[{"count":1,"href":"https:\/\/casastil.hr\/en\/wp-json\/wp\/v2\/pages\/20136\/revisions"}],"predecessor-version":[{"id":20137,"href":"https:\/\/casastil.hr\/en\/wp-json\/wp\/v2\/pages\/20136\/revisions\/20137"}],"up":[{"embeddable":true,"href":"https:\/\/casastil.hr\/en\/wp-json\/wp\/v2\/pages\/20280"}],"wp:attachment":[{"href":"https:\/\/casastil.hr\/en\/wp-json\/wp\/v2\/media?parent=20136"}],"curies":[{"name":"wp","href":"https:\/\/api.w.org\/{rel}","templated":true}]}}