{"id":20269,"date":"2026-04-07T19:27:02","date_gmt":"2026-04-07T19:27:02","guid":{"rendered":"https:\/\/casastil.hr\/sukosan-3-gebaeude-18-wohnungen-3-gewerbeeinheiten-garagen-abstellraeume\/"},"modified":"2026-04-16T23:41:50","modified_gmt":"2026-04-16T23:41:50","slug":"sukosan-3-gebaeude-18-wohnungen-3-gewerbeeinheiten-garagen-abstellraeume","status":"publish","type":"page","link":"https:\/\/casastil.hr\/de\/sukosan-3-gebaeude-18-wohnungen-3-gewerbeeinheiten-garagen-abstellraeume\/","title":{"rendered":"SUKO\u0160AN, 3 GEB\u00c4UDE, 18 WOHNUNGEN, 3 GEWERBEEINHEITEN, GARAGEN, ABSTELLR\u00c4UME"},"content":{"rendered":"\t\t<div data-elementor-type=\"wp-page\" data-elementor-id=\"20269\" class=\"elementor elementor-20269 elementor-19708\">\n\t\t\t\t<div class=\"elementor-element elementor-element-765764b0 e-flex e-con-boxed e-con e-parent\" data-id=\"765764b0\" data-element_type=\"container\" data-e-type=\"container\">\n\t\t\t\t\t<div class=\"e-con-inner\">\n\t\t\t\t<div class=\"elementor-element elementor-element-3ae4e7b0 elementor-widget elementor-widget-text-editor\" data-id=\"3ae4e7b0\" data-element_type=\"widget\" data-e-type=\"widget\" data-widget_type=\"text-editor.default\">\n\t\t\t\t\t\t\t\t\t<div role=\"heading\" aria-level=\"3\" data-animation-nesting=\"\" data-sfc-cp=\"\" data-sfc-root=\"c\" data-sfc-cb=\"\" data-complete=\"true\" data-processed=\"true\" data-sae=\"\">Eine neue Dimension des Wohnens in Suko\u0161an: Luxuri\u00f6ser Komplex direkt am Meer.<\/div><div data-sfc-cp=\"\" data-sfc-root=\"c\" data-sfc-cb=\"\" data-hveid=\"CAEIBBAA\" data-complete=\"true\" data-processed=\"true\">Nach einem \u00e4u\u00dferst erfolgreichen Jahr 2023, das von abgeschlossenen Projekten und \u2013 was uns am wichtigsten ist \u2013 <strong data-sfc-root=\"c\" data-sfc-cb=\"\" data-complete=\"true\" data-processed=\"true\">zufriedenen Kunden<\/strong> gepr\u00e4gt war, er\u00f6ffnet das Unternehmen <strong data-sfc-root=\"c\" data-sfc-cb=\"\" data-complete=\"true\" data-processed=\"true\">Casa Stil d.o.o.<\/strong> stolz ein neues Kapitel. Wir pr\u00e4sentieren Ihnen unser neuestes Projekt in Suko\u0161an: einen modernen Wohnkomplex aus drei Geb\u00e4uden, gelegen an einem prestigetr\u00e4chtigen Standort, nur <strong data-sfc-root=\"c\" data-sfc-cb=\"\" data-complete=\"true\" data-processed=\"true\">50 bis 100 Meter vom Meer entfernt<\/strong>.  <\/div><div data-sfc-cp=\"\" data-sfc-root=\"c\" data-sfc-cb=\"\" data-complete=\"true\" data-processed=\"true\"> <\/div><div role=\"heading\" aria-level=\"3\" data-animation-nesting=\"\" data-sfc-cp=\"\" data-sfc-root=\"c\" data-sfc-cb=\"\" data-processed=\"true\" data-sae=\"\" data-complete=\"true\">\u00dcber den Standort und das Konzept<\/div><div data-sfc-cp=\"\" data-sfc-root=\"c\" data-sfc-cb=\"\" data-hveid=\"CAEIBhAA\" data-complete=\"true\" data-processed=\"true\">Das Projekt befindet sich in der Bucht <strong data-sfc-root=\"c\" data-sfc-cb=\"\" data-complete=\"true\" data-processed=\"true\">Mala Makarska<\/strong>, an einem Standort, der die Ruhe einer Seitenstra\u00dfe (Suko\u0161an ul. XIII) mit der unmittelbaren N\u00e4he zu allen Annehmlichkeiten verbindet. Die Str\u00e4nde sind nur 2 Gehminuten entfernt, und von fast jedem Fenster bietet sich ein entspannender Meerblick. <\/div><div data-sfc-cp=\"\" data-sfc-root=\"c\" data-sfc-cb=\"\" data-complete=\"true\" data-processed=\"true\"> <\/div><div role=\"heading\" aria-level=\"3\" data-animation-nesting=\"\" data-sfc-cp=\"\" data-sfc-root=\"c\" data-sfc-cb=\"\" data-complete=\"true\" data-processed=\"true\" data-sae=\"\">Objekt\u00fcbersicht: Geb\u00e4ude A, B und C<\/div><div data-sfc-cp=\"\" data-sfc-root=\"c\" data-sfc-cb=\"\" data-hveid=\"CAEICBAA\" data-complete=\"true\" data-processed=\"true\">Der Komplex wurde konzipiert, um den Anforderungen modernen Wohnens und Gesch\u00e4ftsm\u00f6glichkeiten gerecht zu werden:<\/div><ul data-sfc-root=\"c\" data-sfc-cb=\"\" data-complete=\"true\" data-processed=\"true\"><li data-sfc-root=\"c\" data-sfc-cb=\"\" data-hveid=\"CAEICRAA\" data-complete=\"true\" data-sae=\"\"><span data-sfc-cp=\"\" data-sfc-root=\"c\" data-sfc-cb=\"\" data-complete=\"true\"><strong data-sfc-root=\"c\" data-sfc-cb=\"\" data-complete=\"true\">Geb\u00e4ude A:<\/strong> An der Stra\u00dfe; enth\u00e4lt 4 Wohnungen auf den ersten beiden Etagen und <strong data-sfc-root=\"c\" data-sfc-cb=\"\" data-complete=\"true\">2 luxuri\u00f6se Penthouses<\/strong> mit privaten Dachterrassen. Im Untergeschoss befinden sich 3 Gewerbefl\u00e4chen (ausschlie\u00dflich f\u00fcr Dienstleistungs-, ruhige T\u00e4tigkeiten).<br>Typ: Wohn- und Gesch\u00e4ftsgeb\u00e4ude<br>Wohneinheiten: 6<br>Gewerbefl\u00e4chen: 3<br>Garagen: 0<br>Abstellr\u00e4ume: 0<br>Etagen: Untergeschoss, Erdgeschoss, 1. Stock, 2. Stock, Dachterrassen<br>Lage: Suko\u0161an, Mala Makarska 50 Meter vom Meer<br>Katasterparzelle: 9779\/3<br>Katastralgemeinde: Suko\u0161an<br>Adresse: Dr. Franje Tu\u0111mana 287A, 23206 Suko\u0161an  <\/span><\/li><li data-sfc-root=\"c\" data-sfc-cb=\"\" data-hveid=\"CAEICRAB\" data-complete=\"true\" data-sae=\"\"><span data-sfc-cp=\"\" data-sfc-root=\"c\" data-sfc-cb=\"\" data-complete=\"true\"><strong data-sfc-root=\"c\" data-sfc-cb=\"\" data-complete=\"true\">Geb\u00e4ude B:<\/strong> Zentrales Objekt mit 6 ger\u00e4umigen, gleichwertigen Wohnungen sowie Garagen und Abstellr\u00e4umen im Untergeschoss.<br>Typ: Wohngeb\u00e4ude<br>Wohneinheiten: 6<br>Gewerbefl\u00e4chen: 0<br>Garagen: 4<br>Abstellr\u00e4ume: 6<br>Etagen: Untergeschoss, Erdgeschoss, 1. Stock, 2. Stock<br>Lage: Suko\u0161an, Mala Makarska 70 Meter vom Meer<br>Katasterparzelle: 9779\/2<br>Katastralgemeinde: Suko\u0161an<br>Adresse: Put Ga\u0161parovi\u0107a 2B, 23206 Suko\u0161an <\/span><\/li><li data-sfc-root=\"c\" data-sfc-cb=\"\" data-hveid=\"CAEICRAC\" data-complete=\"true\" data-sae=\"\"><span data-sfc-cp=\"\" data-sfc-root=\"c\" data-sfc-cb=\"\" data-complete=\"true\"><strong data-sfc-root=\"c\" data-sfc-cb=\"\" data-complete=\"true\">Geb\u00e4ude C:<\/strong> Ruhige letzte Reihe; bietet 4 Wohneinheiten und <strong data-sfc-root=\"c\" data-sfc-cb=\"\" data-complete=\"true\">2 exklusive Penthouses<\/strong> mit Dachoasen, inklusive zugeh\u00f6riger Garagen im Untergeschoss.<br>Typ: Wohngeb\u00e4ude<br>Wohneinheiten: 6<br>Gewerbefl\u00e4chen: 0<br>Garagen: 4<br>Abstellr\u00e4ume: 6<br>Etagen: Untergeschoss, Erdgeschoss, 1. Stock, 2. Stock<br>Lage: Suko\u0161an, Mala Makarska 70 Meter vom Meer<br>Katasterparzelle: 9779\/3<br>Katastralgemeinde: Suko\u0161an<br>Adresse: Put Ga\u0161parovi\u0107a 2A, 23206 Suko\u0161an <\/span><\/li><\/ul><div data-sfc-cp=\"\" data-sfc-root=\"c\" data-sfc-cb=\"\" data-complete=\"true\" data-processed=\"true\"> <\/div><hr data-sfc-root=\"c\" data-sfc-pl=\"|[]\" data-sfc-cb=\"\" data-complete=\"true\" data-processed=\"true\" data-sae=\"\"><div data-sfc-cp=\"\" data-sfc-root=\"c\" data-sfc-cb=\"\" data-complete=\"true\" data-processed=\"true\"> <\/div><div role=\"heading\" aria-level=\"3\" data-animation-nesting=\"\" data-sfc-cp=\"\" data-sfc-root=\"c\" data-sfc-cb=\"\" data-complete=\"true\" data-processed=\"true\" data-sae=\"\">Einwandfreie Bau- und Ausstattungsqualit\u00e4t<\/div><div data-sfc-cp=\"\" data-sfc-root=\"c\" data-sfc-cb=\"\" data-hveid=\"CAEIDBAA\" data-processed=\"true\" data-complete=\"true\">Als Unternehmen mit \u00fcber <strong data-sfc-root=\"c\" data-sfc-cb=\"\" data-complete=\"true\" data-processed=\"true\">10 Jahren Erfahrung<\/strong> in Dalmatien verbauen wir in jedem Quadratmeter bew\u00e4hrte Materialien und modernste Technologie:<\/div><ul data-sfc-root=\"c\" data-sfc-cb=\"\" data-processed=\"true\" data-complete=\"true\"><li data-sfc-root=\"c\" data-sfc-cb=\"\" data-hveid=\"CAEIDRAA\" data-complete=\"true\" data-sae=\"\"><span data-sfc-cp=\"\" data-sfc-root=\"c\" data-sfc-cb=\"\" data-complete=\"true\"><strong data-sfc-root=\"c\" data-sfc-cb=\"\" data-complete=\"true\">Konstruktion und Isolierung:<\/strong> Erdbebensichere Stahlbetonbauweise mit millimetergenauer Endbearbeitung. Fassade mit <strong data-sfc-root=\"c\" data-sfc-cb=\"\" data-complete=\"true\">10 cm W\u00e4rmed\u00e4mmung<\/strong> und wasserabweisendem Putz gew\u00e4hrleistet <strong data-sfc-root=\"c\" data-sfc-cb=\"\" data-complete=\"true\">Energieeffizienzklasse A+<\/strong>. <\/span><\/li><li data-sfc-root=\"c\" data-sfc-cb=\"\" data-hveid=\"CAEIDRAB\" data-complete=\"true\" data-sae=\"\"><span data-sfc-cp=\"\" data-sfc-root=\"c\" data-sfc-cb=\"\" data-complete=\"true\"><strong data-sfc-root=\"c\" data-sfc-cb=\"\" data-complete=\"true\">Hochwertige Tischlerarbeiten:<\/strong> PVC-Systeme mit gasgef\u00fcllten ISO-Gl\u00e4sern, ALU-Rolll\u00e4den mit Elektroantrieb und integrierten Moskitonetzen (RAL-Montagesystem).<\/span><\/li><li data-sfc-root=\"c\" data-sfc-cb=\"\" data-hveid=\"CAEIDRAC\" data-sae=\"\" data-complete=\"true\"><span data-sfc-cp=\"\" data-sfc-root=\"c\" data-sfc-cb=\"\" data-complete=\"true\"><strong data-sfc-root=\"c\" data-sfc-cb=\"\" data-complete=\"true\">Installationen und Sicherheit:<\/strong> Moderne <strong data-sfc-root=\"c\" data-sfc-cb=\"\" data-complete=\"true\">TEM Modul<\/strong> Schalterserie, LED-Beleuchtung und ein <strong data-sfc-root=\"c\" data-sfc-cb=\"\" data-complete=\"true\">Video\u00fcberwachungssystem<\/strong> mit Zugang f\u00fcr alle Wohnungseigent\u00fcmer.<\/span><\/li><li data-sfc-root=\"c\" data-sfc-cb=\"\" data-hveid=\"CAEIDRAD\" data-processed=\"true\" data-sae=\"\" data-complete=\"true\"><span data-sfc-cp=\"\" data-sfc-root=\"c\" data-sfc-cb=\"\" data-complete=\"true\"><strong data-sfc-root=\"c\" data-sfc-cb=\"\" data-complete=\"true\">Interieur:<\/strong> Badezimmer ausgestattet mit renommierter europ\u00e4ischer Sanit\u00e4rausstattung und hochwertiger Porzellankeramik. Die B\u00f6den in den Zimmern sind mit modernem, wasserabweisendem Material in Holzoptik ausgelegt. <\/span><\/li><\/ul><div data-sfc-cp=\"\" data-sfc-root=\"c\" data-sfc-cb=\"\" data-complete=\"true\" data-processed=\"true\"> <\/div><div role=\"heading\" aria-level=\"3\" data-animation-nesting=\"\" data-sfc-cp=\"\" data-sfc-root=\"c\" data-sfc-cb=\"\" data-complete=\"true\" data-processed=\"true\" data-sae=\"\">Besonderheit: Penthouse-Kollektion (Geb\u00e4ude A und C)<\/div><div data-sfc-cp=\"\" data-sfc-root=\"c\" data-sfc-cb=\"\" data-hveid=\"CAEIDxAA\" data-complete=\"true\" data-processed=\"true\">Unsere Penthouse-Wohnungen bieten ein zus\u00e4tzliches Ma\u00df an Luxus:<\/div><ul data-sfc-root=\"c\" data-sfc-cb=\"\" data-complete=\"true\" data-processed=\"true\"><li data-sfc-root=\"c\" data-sfc-cb=\"\" data-hveid=\"CAEIEBAA\" data-complete=\"true\" data-sae=\"\"><span data-sfc-cp=\"\" data-sfc-root=\"c\" data-sfc-cb=\"\" data-complete=\"true\"><strong data-sfc-root=\"c\" data-sfc-cb=\"\" data-complete=\"true\">Fu\u00dfbodenheizung<\/strong> in der gesamten Wohnung durch energieeffiziente W\u00e4rmepumpen.<\/span><\/li><li data-sfc-root=\"c\" data-sfc-cb=\"\" data-hveid=\"CAEIEBAB\" data-complete=\"true\" data-sae=\"\"><span data-sfc-cp=\"\" data-sfc-root=\"c\" data-sfc-cb=\"\" data-complete=\"true\"><strong data-sfc-root=\"c\" data-sfc-cb=\"\" data-complete=\"true\">Solarsysteme<\/strong> auf dem Dach zur Warmwasserbereitung.<\/span><\/li><li data-sfc-root=\"c\" data-sfc-cb=\"\" data-hveid=\"CAEIEBAC\" data-complete=\"true\" data-sae=\"\"><span data-sfc-cp=\"\" data-sfc-root=\"c\" data-sfc-cb=\"\" data-complete=\"true\"><strong data-sfc-root=\"c\" data-sfc-cb=\"\" data-complete=\"true\">Private Dachterrassen<\/strong> f\u00fcr absolute Ruhe und die sch\u00f6nsten Sonnenunterg\u00e4nge.<\/span><\/li><\/ul><div data-sfc-cp=\"\" data-sfc-root=\"c\" data-sfc-cb=\"\" data-complete=\"true\" data-processed=\"true\"> <\/div><hr data-sfc-root=\"c\" data-sfc-pl=\"|[]\" data-sfc-cb=\"\" data-complete=\"true\" data-processed=\"true\" data-sae=\"\"><div data-sfc-cp=\"\" data-sfc-root=\"c\" data-sfc-cb=\"\" data-complete=\"true\" data-processed=\"true\"> <\/div><div role=\"heading\" aria-level=\"3\" data-animation-nesting=\"\" data-sfc-cp=\"\" data-sfc-root=\"c\" data-sfc-cb=\"\" data-processed=\"true\" data-sae=\"\" data-complete=\"true\">Sichere Investition mit Casa Stil d.o.o.<\/div><p>Der Kauf einer Wohnung direkt vom Investor (juristische Person) bietet Ihnen erhebliche Vorteile:<\/p><ul><li><strong data-sfc-root=\"c\" data-sfc-cb=\"\" data-complete=\"true\" data-processed=\"true\">Keine Grunderwerbsteuer (3%)<\/strong> \u2013 Sie erzielen eine direkte Ersparnis.<\/li><li><strong data-sfc-root=\"c\" data-sfc-cb=\"\" data-complete=\"true\" data-processed=\"true\">Keine zus\u00e4tzlichen Kosten<\/strong> \u2013 der Investor tr\u00e4gt alle Kosten f\u00fcr die \u00dcbertragung und Eintragung des Eigentums.<\/li><li><strong data-sfc-root=\"c\" data-sfc-cb=\"\" data-complete=\"true\" data-processed=\"true\">Langfristige Unterst\u00fctzung<\/strong> \u2013 unser Unternehmen f\u00fcr <strong data-sfc-root=\"c\" data-sfc-cb=\"\" data-complete=\"true\" data-processed=\"true\">Immobilienverwaltung und -instandhaltung<\/strong> steht Ihnen auch nach dem Einzug zur Verf\u00fcgung.<\/li><\/ul><div data-sfc-cp=\"\" data-sfc-root=\"c\" data-sfc-cb=\"\" data-hveid=\"CAEIFBAA\" data-complete=\"true\" data-processed=\"true\"><strong data-sfc-root=\"c\" data-sfc-cb=\"\" data-complete=\"true\" data-processed=\"true\">Wir zeigen Fotos, die die Qualit\u00e4t unserer Ausf\u00fchrung, Architektur und erstklassigen Lage belegen. Werden auch Sie Teil unserer Geschichte zufriedener Eigent\u00fcmer! <\/strong><\/div><div data-sfc-cp=\"\" data-sfc-root=\"c\" data-sfc-cb=\"\" data-complete=\"true\" data-processed=\"true\"> <\/div><hr data-sfc-root=\"c\" data-sfc-pl=\"|[]\" data-sfc-cb=\"\" data-complete=\"true\" data-processed=\"true\" data-sae=\"\">\t\t\t\t\t\t\t\t<\/div>\n\t\t\t\t<div class=\"elementor-element elementor-element-85e284d elementor-widget elementor-widget-Houzez_Banner_Image\" data-id=\"85e284d\" data-element_type=\"widget\" data-e-type=\"widget\" data-widget_type=\"Houzez_Banner_Image.default\">\n\t\t\t\t<div class=\"elementor-widget-container\">\n\t\t\t\t\t\n        <div class=\"banner-image-module d-flex justify-content-center align-items-center\">\n                        <div class=\"banner-image-content-wrap p-4 text-center\">\n                <a>Neues Projekt mit 18 Wohnungen in Suko\u0161an<\/a>\n            <\/div>\n                        \n            <img decoding=\"async\" class=\"img-fluid\" src=\"https:\/\/casastil.hr\/wp-content\/uploads\/2016\/03\/008-1-scaled.jpg\" alt=\"\">\n                            <a class=\"banner-image-module-link w-100 h-100 top-0 bottom-0 start-0 end-0\"><\/a>\n                    <\/div>\n        \n   \t\t\t\t<\/div>\n\t\t\t\t<\/div>\n\t\t\t\t<div class=\"elementor-element elementor-element-aa80ba0 elementor-widget elementor-widget-image-gallery\" data-id=\"aa80ba0\" data-element_type=\"widget\" data-e-type=\"widget\" data-widget_type=\"image-gallery.default\">\n\t\t\t\t\t\t\t<div class=\"elementor-image-gallery\">\n\t\t\t<div id='gallery-1' class='gallery galleryid-20269 gallery-columns-4 gallery-size-thumbnail'><figure class='gallery-item'>\n\t\t\t<div class='gallery-icon landscape'>\n\t\t\t\t<a data-elementor-open-lightbox=\"yes\" data-elementor-lightbox-slideshow=\"aa80ba0\" data-elementor-lightbox-title=\"010\" data-e-action-hash=\"#elementor-action%3Aaction%3Dlightbox%26settings%3DeyJpZCI6MjAyNjIsInVybCI6Imh0dHBzOlwvXC9jYXNhc3RpbC5oclwvd3AtY29udGVudFwvdXBsb2Fkc1wvMjAxNlwvMDNcLzAxMC1zY2FsZWQuanBnIiwic2xpZGVzaG93IjoiYWE4MGJhMCJ9\" href='https:\/\/casastil.hr\/wp-content\/uploads\/2016\/03\/010-scaled.jpg'><img decoding=\"async\" width=\"150\" height=\"84\" src=\"https:\/\/casastil.hr\/wp-content\/uploads\/2016\/03\/010-scaled.jpg\" class=\"attachment-thumbnail size-thumbnail\" alt=\"\" srcset=\"https:\/\/casastil.hr\/wp-content\/uploads\/2016\/03\/010-scaled.jpg 2560w, https:\/\/casastil.hr\/wp-content\/uploads\/2016\/03\/010-1536x864.jpg 1536w, https:\/\/casastil.hr\/wp-content\/uploads\/2016\/03\/010-2048x1152.jpg 2048w\" sizes=\"(max-width: 150px) 100vw, 150px\" \/><\/a>\n\t\t\t<\/div><\/figure><figure class='gallery-item'>\n\t\t\t<div class='gallery-icon landscape'>\n\t\t\t\t<a data-elementor-open-lightbox=\"yes\" data-elementor-lightbox-slideshow=\"aa80ba0\" data-elementor-lightbox-title=\"008\" data-e-action-hash=\"#elementor-action%3Aaction%3Dlightbox%26settings%3DeyJpZCI6MjAyNjEsInVybCI6Imh0dHBzOlwvXC9jYXNhc3RpbC5oclwvd3AtY29udGVudFwvdXBsb2Fkc1wvMjAxNlwvMDNcLzAwOC0xLXNjYWxlZC5qcGciLCJzbGlkZXNob3ciOiJhYTgwYmEwIn0%3D\" href='https:\/\/casastil.hr\/wp-content\/uploads\/2016\/03\/008-1-scaled.jpg'><img decoding=\"async\" width=\"150\" height=\"84\" src=\"https:\/\/casastil.hr\/wp-content\/uploads\/2016\/03\/008-1-scaled.jpg\" class=\"attachment-thumbnail size-thumbnail\" alt=\"\" srcset=\"https:\/\/casastil.hr\/wp-content\/uploads\/2016\/03\/008-1-scaled.jpg 2560w, https:\/\/casastil.hr\/wp-content\/uploads\/2016\/03\/008-1-1536x864.jpg 1536w, https:\/\/casastil.hr\/wp-content\/uploads\/2016\/03\/008-1-2048x1152.jpg 2048w\" sizes=\"(max-width: 150px) 100vw, 150px\" \/><\/a>\n\t\t\t<\/div><\/figure><figure class='gallery-item'>\n\t\t\t<div class='gallery-icon landscape'>\n\t\t\t\t<a data-elementor-open-lightbox=\"yes\" data-elementor-lightbox-slideshow=\"aa80ba0\" data-elementor-lightbox-title=\"004\" data-e-action-hash=\"#elementor-action%3Aaction%3Dlightbox%26settings%3DeyJpZCI6MjAyNjAsInVybCI6Imh0dHBzOlwvXC9jYXNhc3RpbC5oclwvd3AtY29udGVudFwvdXBsb2Fkc1wvMjAxNlwvMDNcLzAwNC0xLXNjYWxlZC5qcGciLCJzbGlkZXNob3ciOiJhYTgwYmEwIn0%3D\" href='https:\/\/casastil.hr\/wp-content\/uploads\/2016\/03\/004-1-scaled.jpg'><img decoding=\"async\" width=\"150\" height=\"84\" src=\"https:\/\/casastil.hr\/wp-content\/uploads\/2016\/03\/004-1-scaled.jpg\" class=\"attachment-thumbnail size-thumbnail\" alt=\"\" srcset=\"https:\/\/casastil.hr\/wp-content\/uploads\/2016\/03\/004-1-scaled.jpg 2560w, https:\/\/casastil.hr\/wp-content\/uploads\/2016\/03\/004-1-1536x864.jpg 1536w, https:\/\/casastil.hr\/wp-content\/uploads\/2016\/03\/004-1-2048x1152.jpg 2048w\" sizes=\"(max-width: 150px) 100vw, 150px\" \/><\/a>\n\t\t\t<\/div><\/figure><figure class='gallery-item'>\n\t\t\t<div class='gallery-icon landscape'>\n\t\t\t\t<a data-elementor-open-lightbox=\"yes\" data-elementor-lightbox-slideshow=\"aa80ba0\" data-elementor-lightbox-title=\"001\" data-e-action-hash=\"#elementor-action%3Aaction%3Dlightbox%26settings%3DeyJpZCI6MjAyNTksInVybCI6Imh0dHBzOlwvXC9jYXNhc3RpbC5oclwvd3AtY29udGVudFwvdXBsb2Fkc1wvMjAxNlwvMDNcLzAwMS1zY2FsZWQuanBnIiwic2xpZGVzaG93IjoiYWE4MGJhMCJ9\" href='https:\/\/casastil.hr\/wp-content\/uploads\/2016\/03\/001-scaled.jpg'><img loading=\"lazy\" decoding=\"async\" width=\"150\" height=\"84\" src=\"https:\/\/casastil.hr\/wp-content\/uploads\/2016\/03\/001-scaled.jpg\" class=\"attachment-thumbnail size-thumbnail\" alt=\"\" srcset=\"https:\/\/casastil.hr\/wp-content\/uploads\/2016\/03\/001-scaled.jpg 2560w, https:\/\/casastil.hr\/wp-content\/uploads\/2016\/03\/001-1536x864.jpg 1536w, https:\/\/casastil.hr\/wp-content\/uploads\/2016\/03\/001-2048x1152.jpg 2048w\" sizes=\"(max-width: 150px) 100vw, 150px\" \/><\/a>\n\t\t\t<\/div><\/figure><figure class='gallery-item'>\n\t\t\t<div class='gallery-icon landscape'>\n\t\t\t\t<a data-elementor-open-lightbox=\"yes\" data-elementor-lightbox-slideshow=\"aa80ba0\" data-elementor-lightbox-title=\"slika iz zraka suko\u0161an\" data-e-action-hash=\"#elementor-action%3Aaction%3Dlightbox%26settings%3DeyJpZCI6MjA1ODMsInVybCI6Imh0dHBzOlwvXC9jYXNhc3RpbC5oclwvd3AtY29udGVudFwvdXBsb2Fkc1wvMjAyNlwvMDRcL3NsaWthLWl6LXpyYWthLXN1a29zYW4uanBnIiwic2xpZGVzaG93IjoiYWE4MGJhMCJ9\" href='https:\/\/casastil.hr\/wp-content\/uploads\/2026\/04\/slika-iz-zraka-sukosan.jpg'><img loading=\"lazy\" decoding=\"async\" width=\"150\" height=\"108\" src=\"https:\/\/casastil.hr\/wp-content\/uploads\/2026\/04\/slika-iz-zraka-sukosan.jpg\" class=\"attachment-thumbnail size-thumbnail\" alt=\"\" srcset=\"https:\/\/casastil.hr\/wp-content\/uploads\/2026\/04\/slika-iz-zraka-sukosan.jpg 2000w, https:\/\/casastil.hr\/wp-content\/uploads\/2026\/04\/slika-iz-zraka-sukosan-1536x1101.jpg 1536w\" sizes=\"(max-width: 150px) 100vw, 150px\" \/><\/a>\n\t\t\t<\/div><\/figure><figure class='gallery-item'>\n\t\t\t<div class='gallery-icon landscape'>\n\t\t\t\t<a data-elementor-open-lightbox=\"yes\" data-elementor-lightbox-slideshow=\"aa80ba0\" data-elementor-lightbox-title=\"naslovna\" data-e-action-hash=\"#elementor-action%3Aaction%3Dlightbox%26settings%3DeyJpZCI6MjA1ODIsInVybCI6Imh0dHBzOlwvXC9jYXNhc3RpbC5oclwvd3AtY29udGVudFwvdXBsb2Fkc1wvMjAyNlwvMDRcL25hc2xvdm5hLTEuanBnIiwic2xpZGVzaG93IjoiYWE4MGJhMCJ9\" href='https:\/\/casastil.hr\/wp-content\/uploads\/2026\/04\/naslovna-1.jpg'><img loading=\"lazy\" decoding=\"async\" width=\"150\" height=\"108\" src=\"https:\/\/casastil.hr\/wp-content\/uploads\/2026\/04\/naslovna-1.jpg\" class=\"attachment-thumbnail size-thumbnail\" alt=\"\" srcset=\"https:\/\/casastil.hr\/wp-content\/uploads\/2026\/04\/naslovna-1.jpg 2503w, https:\/\/casastil.hr\/wp-content\/uploads\/2026\/04\/naslovna-1-1536x1105.jpg 1536w, https:\/\/casastil.hr\/wp-content\/uploads\/2026\/04\/naslovna-1-2048x1473.jpg 2048w\" sizes=\"(max-width: 150px) 100vw, 150px\" \/><\/a>\n\t\t\t<\/div><\/figure><figure class='gallery-item'>\n\t\t\t<div class='gallery-icon landscape'>\n\t\t\t\t<a data-elementor-open-lightbox=\"yes\" data-elementor-lightbox-slideshow=\"aa80ba0\" data-elementor-lightbox-title=\"zadnja\" data-e-action-hash=\"#elementor-action%3Aaction%3Dlightbox%26settings%3DeyJpZCI6MjA1ODEsInVybCI6Imh0dHBzOlwvXC9jYXNhc3RpbC5oclwvd3AtY29udGVudFwvdXBsb2Fkc1wvMjAyNlwvMDRcL3phZG5qYS0xLmpwZyIsInNsaWRlc2hvdyI6ImFhODBiYTAifQ%3D%3D\" href='https:\/\/casastil.hr\/wp-content\/uploads\/2026\/04\/zadnja-1.jpg'><img loading=\"lazy\" decoding=\"async\" width=\"150\" height=\"108\" src=\"https:\/\/casastil.hr\/wp-content\/uploads\/2026\/04\/zadnja-1.jpg\" class=\"attachment-thumbnail size-thumbnail\" alt=\"\" srcset=\"https:\/\/casastil.hr\/wp-content\/uploads\/2026\/04\/zadnja-1.jpg 2508w, https:\/\/casastil.hr\/wp-content\/uploads\/2026\/04\/zadnja-1-1536x1102.jpg 1536w, https:\/\/casastil.hr\/wp-content\/uploads\/2026\/04\/zadnja-1-2048x1470.jpg 2048w\" sizes=\"(max-width: 150px) 100vw, 150px\" \/><\/a>\n\t\t\t<\/div><\/figure><figure class='gallery-item'>\n\t\t\t<div class='gallery-icon landscape'>\n\t\t\t\t<a data-elementor-open-lightbox=\"yes\" data-elementor-lightbox-slideshow=\"aa80ba0\" data-elementor-lightbox-title=\"Suko\u0161an finalno - 6\" data-e-action-hash=\"#elementor-action%3Aaction%3Dlightbox%26settings%3DeyJpZCI6MjgxLCJ1cmwiOiJodHRwczpcL1wvY2FzYXN0aWwuaHJcL3dwLWNvbnRlbnRcL3VwbG9hZHNcLzIwMjNcLzA5XC9TdWtvc2FuLWZpbmFsbm8tNi01LmpwZyIsInNsaWRlc2hvdyI6ImFhODBiYTAifQ%3D%3D\" href='https:\/\/casastil.hr\/wp-content\/uploads\/2023\/09\/Sukosan-finalno-6-5.jpg'><img loading=\"lazy\" decoding=\"async\" width=\"150\" height=\"150\" src=\"https:\/\/casastil.hr\/wp-content\/uploads\/2023\/09\/Sukosan-finalno-6-5-150x150.jpg\" class=\"attachment-thumbnail size-thumbnail\" alt=\"\" srcset=\"\" \/><\/a>\n\t\t\t<\/div><\/figure>\n\t\t<\/div>\n\t\t<\/div>\n\t\t\t\t\t\t<\/div>\n\t\t\t\t\t<\/div>\n\t\t\t\t<\/div>\n\t\t\t\t<\/div>\n\t\t","protected":false},"excerpt":{"rendered":"<p>Eine neue Dimension des Wohnens in Suko\u0161an: Luxuri\u00f6ser Komplex direkt am Meer.Nach einem \u00e4u\u00dferst erfolgreichen Jahr 2023, das von abgeschlossenen Projekten und \u2013 was uns am wichtigsten ist \u2013 zufriedenen Kunden gepr\u00e4gt war, er\u00f6ffnet das Unternehmen Casa Stil d.o.o. stolz ein neues Kapitel. Wir pr\u00e4sentieren Ihnen unser neuestes Projekt in Suko\u0161an: einen modernen Wohnkomplex aus [&hellip;]<\/p>\n","protected":false},"author":2,"featured_media":20262,"parent":0,"menu_order":1,"comment_status":"closed","ping_status":"closed","template":"template\/template-listing-list-v1.php","meta":{"_monsterinsights_skip_tracking":false,"_monsterinsights_sitenote_active":false,"_monsterinsights_sitenote_note":"","_monsterinsights_sitenote_category":0,"footnotes":""},"class_list":["post-20269","page","type-page","status-publish","has-post-thumbnail","hentry"],"aioseo_notices":[],"_links":{"self":[{"href":"https:\/\/casastil.hr\/de\/wp-json\/wp\/v2\/pages\/20269","targetHints":{"allow":["GET"]}}],"collection":[{"href":"https:\/\/casastil.hr\/de\/wp-json\/wp\/v2\/pages"}],"about":[{"href":"https:\/\/casastil.hr\/de\/wp-json\/wp\/v2\/types\/page"}],"author":[{"embeddable":true,"href":"https:\/\/casastil.hr\/de\/wp-json\/wp\/v2\/users\/2"}],"replies":[{"embeddable":true,"href":"https:\/\/casastil.hr\/de\/wp-json\/wp\/v2\/comments?post=20269"}],"version-history":[{"count":2,"href":"https:\/\/casastil.hr\/de\/wp-json\/wp\/v2\/pages\/20269\/revisions"}],"predecessor-version":[{"id":20271,"href":"https:\/\/casastil.hr\/de\/wp-json\/wp\/v2\/pages\/20269\/revisions\/20271"}],"wp:featuredmedia":[{"embeddable":true,"href":"https:\/\/casastil.hr\/de\/wp-json\/wp\/v2\/media\/20262"}],"wp:attachment":[{"href":"https:\/\/casastil.hr\/de\/wp-json\/wp\/v2\/media?parent=20269"}],"curies":[{"name":"wp","href":"https:\/\/api.w.org\/{rel}","templated":true}]}}