{"id":20138,"date":"2026-04-07T20:01:19","date_gmt":"2026-04-07T20:01:19","guid":{"rendered":"https:\/\/casastil.hr\/unsere-projekte\/"},"modified":"2026-04-16T23:42:39","modified_gmt":"2026-04-16T23:42:39","slug":"unsere-projekte","status":"publish","type":"page","link":"https:\/\/casastil.hr\/de\/ueber-uns\/unsere-projekte\/","title":{"rendered":"UNSERE PROJEKTE"},"content":{"rendered":"<p>Wir bauen die Zukunft auf den Fundamenten unserer bisherigen Erfolge auf.<\/p>\n<p>Hier finden Sie eine <strong class=\"Yjhzub\" data-sfc-root=\"c\" data-sfc-cb=\"\" data-complete=\"true\">\u00dcbersicht unserer Referenzprojekte<\/strong>, die das Erscheinungsbild ihrer Umgebung ver\u00e4ndert haben. Jedes Foto erz\u00e4hlt eine Geschichte \u00fcber die Qualit\u00e4t, die wir anstreben.<\/p>\n<p>Unsere Referenzliste w\u00e4chst mit jedem neuen Projekt. An einem Ort pr\u00e4sentieren wir Ihnen eine <strong class=\"Yjhzub\" data-sfc-root=\"c\" data-sfc-cb=\"\" data-complete=\"true\">\u00dcbersicht unserer realisierten Visionen sowie eine Vorschau auf zuk\u00fcnftige Projekte<\/strong>, die bald zu den Heimen unserer zufriedenen Kunden werden. Von fertiggestellten Objekten, die ein Synonym f\u00fcr Qualit\u00e4t sind, bis hin zu neuen Standorten, die wir sorgf\u00e4ltig planen \u2013 wir bauen mit der gleichen Leidenschaft und Pr\u00e4zision.<\/p>\n<p>Neuere und geplante Projekte sind von oben nach unten dargestellt;<\/p>\n<h2>Zadar 1 \u2013 Wohngeb\u00e4ude mit 12 Wohnungen<\/h2>\n<p>Weitere Informationen folgen in K\u00fcrze&#8230;<\/p>\n<h2><a href=\"https:\/\/casastil.hr\/de\/?page_id=20269\">Suko\u0161an 2 \u2013 Wohnkomplex<\/a><\/h2>\n<p>3 Geb\u00e4ude mit insgesamt 18 Wohnungen und 3 Gesch\u00e4ftsr\u00e4umen<br \/>\nStandort: Suko\u0161an, Mala Makarska, erste Reihe am Meer<br \/>\nBaujahr: 2025. -2026.<\/p>\n<p><img fetchpriority=\"high\" decoding=\"async\" class=\"alignnone wp-image-19876\" src=\"https:\/\/casastil.hr\/wp-content\/uploads\/2016\/03\/010-scaled.jpg\" alt=\"\" width=\"714\" height=\"401\" srcset=\"https:\/\/casastil.hr\/wp-content\/uploads\/2016\/03\/010-scaled.jpg 2560w, https:\/\/casastil.hr\/wp-content\/uploads\/2016\/03\/010-1536x864.jpg 1536w, https:\/\/casastil.hr\/wp-content\/uploads\/2016\/03\/010-2048x1152.jpg 2048w\" sizes=\"(max-width: 714px) 100vw, 714px\" \/><\/p>\n<ul>\n<li>\n<h4>Geb\u00e4ude A<\/h4>\n<p>Typ: Wohn- und Gesch\u00e4ftsgeb\u00e4ude<br \/>\nWohneinheiten: 6<br \/>\nGesch\u00e4ftsr\u00e4ume: 3<br \/>\nGaragen: 0<br \/>\nAbstellr\u00e4ume: 0<br \/>\nEtagen: Untergeschoss, Erdgeschoss, 1. Obergeschoss, 2. Obergeschoss, Dachterrassen<br \/>\nStandort: Suko\u0161an, Mala Makarska, 50 Meter vom Meer entfernt<br \/>\nKatasterparzelle: 9779\/3<br \/>\nKatastralgemeinde: Suko\u0161an<br \/>\nAdresse: Dr. Franje Tu\u0111mana 287A, 23206 Suko\u0161an<\/li>\n<li>\n<h4>Geb\u00e4ude B<\/h4>\n<p>Typ: Wohngeb\u00e4ude<br \/>\nWohneinheiten: 6<br \/>\nGesch\u00e4ftsr\u00e4ume: 0<br \/>\nGaragen: 4<br \/>\nAbstellr\u00e4ume: 6<br \/>\nEtagen: Untergeschoss, Erdgeschoss, 1. Obergeschoss, 2. Obergeschoss<br \/>\nStandort: Suko\u0161an, Mala Makarska, 70 Meter vom Meer entfernt<br \/>\nKatasterparzelle: 9779\/2<br \/>\nKatastralgemeinde: Suko\u0161an<br \/>\nAdresse: Put Ga\u0161parovi\u0107a 2B, 23206 Suko\u0161an<\/li>\n<li>\n<h4>Geb\u00e4ude C<\/h4>\n<p>Typ: Wohngeb\u00e4ude<br \/>\nWohneinheiten: 6<br \/>\nGesch\u00e4ftsr\u00e4ume: 0<br \/>\nGaragen: 4<br \/>\nAbstellr\u00e4ume: 6<br \/>\nEtagen: Untergeschoss, Erdgeschoss, 1. Obergeschoss, 2. Obergeschoss<br \/>\nStandort: Suko\u0161an, Mala Makarska, 70 Meter vom Meer entfernt<br \/>\nKatasterparzelle: 9779\/3<br \/>\nKatastralgemeinde: Suko\u0161an<br \/>\nAdresse: Put Ga\u0161parovi\u0107a 2A, 23206 Suko\u0161an<\/li>\n<\/ul>\n<h2>Suko\u0161an 1<\/h2>\n<p>Geb\u00e4ude mit 3 Luxuswohnungen \u2013 Stadtvilla<br \/>\nStandort: Suko\u0161an, Mala Makarska, erste Reihe am Meer<br \/>\nKatasterparzelle: 9785<br \/>\nKatastralgemeinde: Suko\u0161an<br \/>\nAdresse: Malenica 2A, 23206 Suko\u0161an<br \/>\nBaujahr: 2022. -2023.<\/p>\n<p><img decoding=\"async\" class=\"alignnone wp-image-19847\" src=\"https:\/\/casastil.hr\/wp-content\/uploads\/2016\/03\/dji_fly_20230912_095216_685_1694505483300_photo_optimized-scaled.jpg\" alt=\"Geb\u00e4ude in erster Reihe am Meer in Suko\u0161an\" width=\"767\" height=\"431\" srcset=\"https:\/\/casastil.hr\/wp-content\/uploads\/2016\/03\/dji_fly_20230912_095216_685_1694505483300_photo_optimized-scaled.jpg 2560w, https:\/\/casastil.hr\/wp-content\/uploads\/2016\/03\/dji_fly_20230912_095216_685_1694505483300_photo_optimized-1536x864.jpg 1536w, https:\/\/casastil.hr\/wp-content\/uploads\/2016\/03\/dji_fly_20230912_095216_685_1694505483300_photo_optimized-2048x1152.jpg 2048w\" sizes=\"(max-width: 767px) 100vw, 767px\" \/><\/p>\n","protected":false},"excerpt":{"rendered":"<p>Wir bauen die Zukunft auf den Fundamenten unserer bisherigen Erfolge auf. Hier finden Sie eine \u00dcbersicht unserer Referenzprojekte, die das Erscheinungsbild ihrer Umgebung ver\u00e4ndert haben. Jedes Foto erz\u00e4hlt eine Geschichte \u00fcber die Qualit\u00e4t, die wir anstreben. Unsere Referenzliste w\u00e4chst mit jedem neuen Projekt. An einem Ort pr\u00e4sentieren wir Ihnen eine \u00dcbersicht unserer realisierten Visionen sowie [&hellip;]<\/p>\n","protected":false},"author":1,"featured_media":0,"parent":20294,"menu_order":0,"comment_status":"closed","ping_status":"closed","template":"","meta":{"_monsterinsights_skip_tracking":false,"_monsterinsights_sitenote_active":false,"_monsterinsights_sitenote_note":"","_monsterinsights_sitenote_category":0,"footnotes":""},"class_list":["post-20138","page","type-page","status-publish","hentry"],"aioseo_notices":[],"_links":{"self":[{"href":"https:\/\/casastil.hr\/de\/wp-json\/wp\/v2\/pages\/20138","targetHints":{"allow":["GET"]}}],"collection":[{"href":"https:\/\/casastil.hr\/de\/wp-json\/wp\/v2\/pages"}],"about":[{"href":"https:\/\/casastil.hr\/de\/wp-json\/wp\/v2\/types\/page"}],"author":[{"embeddable":true,"href":"https:\/\/casastil.hr\/de\/wp-json\/wp\/v2\/users\/1"}],"replies":[{"embeddable":true,"href":"https:\/\/casastil.hr\/de\/wp-json\/wp\/v2\/comments?post=20138"}],"version-history":[{"count":1,"href":"https:\/\/casastil.hr\/de\/wp-json\/wp\/v2\/pages\/20138\/revisions"}],"predecessor-version":[{"id":20139,"href":"https:\/\/casastil.hr\/de\/wp-json\/wp\/v2\/pages\/20138\/revisions\/20139"}],"up":[{"embeddable":true,"href":"https:\/\/casastil.hr\/de\/wp-json\/wp\/v2\/pages\/20294"}],"wp:attachment":[{"href":"https:\/\/casastil.hr\/de\/wp-json\/wp\/v2\/media?parent=20138"}],"curies":[{"name":"wp","href":"https:\/\/api.w.org\/{rel}","templated":true}]}}